{"id":251,"date":"2024-12-24T17:55:15","date_gmt":"2024-12-24T22:55:15","guid":{"rendered":"https:\/\/tezescura.com\/studio\/?page_id=251"},"modified":"2024-12-24T23:19:05","modified_gmt":"2024-12-25T04:19:05","slug":"unete-a-tez-escura-pro","status":"publish","type":"page","link":"https:\/\/tezescura.com\/studio\/unete-a-tez-escura-pro\/","title":{"rendered":"\u00a1\u00daNETE A TEZ ESCURA PRO!"},"content":{"rendered":"\n<p style=\"font-size:17px\"><strong>\u00a1Gana dinero sin l\u00edmites refiriendo nuevas modelos webcam a Tez Escura Studio!<\/strong> Si conoces a alguien que quiera comenzar en el mundo del modelaje webcam, <strong><mark style=\"background-color:rgba(0, 0, 0, 0)\" class=\"has-inline-color has-ast-global-color-1-color\">Tez Escura Pro<\/mark><\/strong> te permite ganar hasta un <strong>10% de la facturaci\u00f3n<\/strong> total de cada modelo que refieras durante sus primeros dos meses.<\/p>\n\n\n\n<p style=\"font-size:17px\"><\/p>\n\n\n\n<h3 class=\"wp-block-heading\"><strong>\u00bfC\u00f3mo Funciona?<\/strong><\/h3>\n\n\n\n<ol class=\"wp-block-list\">\n<li style=\"font-size:17px\"><strong>Reg\u00edstrate<\/strong> completando el formulario.<\/li>\n\n\n\n<li style=\"font-size:17px\"><strong>Refiere<\/strong> nuevas modelos a <strong>Tez Escura Studio<\/strong>.<\/li>\n\n\n\n<li style=\"font-size:17px\"><strong>Gana<\/strong> comisiones por cada modelo que se registre y empiece a transmitir.<\/li>\n<\/ol>\n\n\n\n<p><\/p>\n\n\n\n<h3 class=\"wp-block-heading\"><strong>T\u00e9rminos y Condiciones<\/strong><\/h3>\n\n\n\n<ol class=\"wp-block-list\">\n<li style=\"font-size:17px\"><strong>Proceso de Admisi\u00f3n:<\/strong> La modelo debe aprobar satisfactoriamente el proceso de admisi\u00f3n de <strong>Tez Escura Studio<\/strong> antes de unirse a nuestro equipo.<\/li>\n\n\n\n<li style=\"font-size:17px\"><strong>Requisitos del Agente:<\/strong> El agente que refiere debe contar con <strong>cuenta bancaria<\/strong> activa y <strong>RUT<\/strong> v\u00e1lido para recibir pagos.<\/li>\n\n\n\n<li style=\"font-size:17px\"><strong>Compromiso de la Modelo:<\/strong> La modelo debe cumplir con un mes de transmisi\u00f3n sin faltas adicionales a las permitidas en las pol\u00edticas de <strong>Tez Escura Studio<\/strong>.<\/li>\n\n\n\n<li style=\"font-size:17px\"><strong>Comisiones para el Agente:<\/strong> El agente recibir\u00e1 un <strong>10% de la facturaci\u00f3n total<\/strong> generada por la modelo durante sus primeros meses en el estudio, en el caso de modelos que transmitan desde el estudio. Para las modelos sat\u00e9lites ser\u00e1 el <strong>5% de la facturaci\u00f3n total<\/strong> durante los primeros dos meses.<\/li>\n\n\n\n<li style=\"font-size:17px\"><strong>Pagos de Comisiones:<\/strong> Los pagos se realizar\u00e1n <strong>15 d\u00edas h\u00e1biles<\/strong> despu\u00e9s de que la modelo complete su ciclo mensual de transmisi\u00f3n.<\/li>\n\n\n\n<li style=\"font-size:17px\"><strong>Edad Requerida:<\/strong> Todas las modelos referidas deben ser <strong>mayores de edad<\/strong> al momento de registrarse.<\/li>\n<\/ol>\n\n\n\n<p><\/p>\n\n\n\n<div class=\"wp-block-uagb-separator uagb-block-55c65c3e\"><div class=\"wp-block-uagb-separator__inner\" style=\"--my-background-image:\"><\/div><\/div>\n\n\n\n<h3 class=\"wp-block-heading\">\u00a1Reg\u00edstrate ahora y comienza a ganar!<\/h3>\n\n\n\n<p><\/p>\n\n\n\n<div class=\"wp-block-contact-form-7-contact-form-selector\">\n<div class=\"wpcf7 no-js\" id=\"wpcf7-f250-o1\" lang=\"es-CO\" dir=\"ltr\" data-wpcf7-id=\"250\">\n<div class=\"screen-reader-response\"><p role=\"status\" aria-live=\"polite\" aria-atomic=\"true\"><\/p> <ul><\/ul><\/div>\n<form action=\"\/studio\/wp-json\/wp\/v2\/pages\/251#wpcf7-f250-o1\" method=\"post\" class=\"wpcf7-form init\" aria-label=\"Formulario de contacto\" novalidate=\"novalidate\" data-status=\"init\">\n<div style=\"display: none;\">\n<input type=\"hidden\" name=\"_wpcf7\" value=\"250\" \/>\n<input type=\"hidden\" name=\"_wpcf7_version\" value=\"6.0.6\" \/>\n<input type=\"hidden\" name=\"_wpcf7_locale\" value=\"es_CO\" \/>\n<input type=\"hidden\" name=\"_wpcf7_unit_tag\" value=\"wpcf7-f250-o1\" \/>\n<input type=\"hidden\" name=\"_wpcf7_container_post\" value=\"0\" \/>\n<input type=\"hidden\" name=\"_wpcf7_posted_data_hash\" value=\"\" \/>\n<\/div>\n<p><label> Nombre Completo *<br \/>\n<span class=\"wpcf7-form-control-wrap\" data-name=\"Nombre\"><input size=\"40\" maxlength=\"400\" class=\"wpcf7-form-control wpcf7-text wpcf7-validates-as-required\" aria-required=\"true\" aria-invalid=\"false\" placeholder=\"Ejemplo: Juan P\u00e9rez\" value=\"\" type=\"text\" name=\"Nombre\" \/><\/span><br \/>\n<\/label>\n<\/p>\n<p><label> Edad *<br \/>\n<span class=\"wpcf7-form-control-wrap\" data-name=\"Edad\"><input class=\"wpcf7-form-control wpcf7-number wpcf7-validates-as-required wpcf7-validates-as-number\" min=\"19\" max=\"60\" aria-required=\"true\" aria-invalid=\"false\" placeholder=\"Ejemplo: 19\" value=\"\" type=\"number\" name=\"Edad\" \/><\/span><br \/>\n<\/label>\n<\/p>\n<p><label> C\u00e9dula de ciudadan\u00eda *<br \/>\n<span class=\"wpcf7-form-control-wrap\" data-name=\"Cedula\"><input size=\"40\" maxlength=\"11\" minlength=\"7\" class=\"wpcf7-form-control wpcf7-tel wpcf7-validates-as-required wpcf7-text wpcf7-validates-as-tel\" aria-required=\"true\" aria-invalid=\"false\" placeholder=\"Ejemplo: 1234567890\" value=\"\" type=\"tel\" name=\"Cedula\" \/><\/span><br \/>\n<\/label>\n<\/p>\n<p><label> Correo electr\u00f3nico *<br \/>\n<span class=\"wpcf7-form-control-wrap\" data-name=\"email\"><input size=\"40\" maxlength=\"400\" class=\"wpcf7-form-control wpcf7-email wpcf7-validates-as-required wpcf7-text wpcf7-validates-as-email\" aria-required=\"true\" aria-invalid=\"false\" placeholder=\"Correo electr\u00f3nico\" value=\"\" type=\"email\" name=\"email\" \/><\/span><br \/>\n<\/label>\n<\/p>\n<p><label> Confirmar correo electr\u00f3nico<br \/>\n<span class=\"wpcf7-form-control-wrap\" data-name=\"confirm-email\"><input size=\"40\" maxlength=\"400\" class=\"wpcf7-form-control wpcf7-email wpcf7-validates-as-required wpcf7-text wpcf7-validates-as-email\" aria-required=\"true\" aria-invalid=\"false\" placeholder=\"Confirmar correo electr\u00f3nico\" value=\"\" type=\"email\" name=\"confirm-email\" \/><\/span><br \/>\n<\/label>\n<\/p>\n<p><label> Ciudad que reside actualmente *<br \/>\n<span class=\"wpcf7-form-control-wrap\" data-name=\"Ciudad\"><input size=\"40\" maxlength=\"400\" class=\"wpcf7-form-control wpcf7-text wpcf7-validates-as-required\" aria-required=\"true\" aria-invalid=\"false\" placeholder=\"Ejemplo: Bogot\u00e1\" value=\"\" type=\"text\" name=\"Ciudad\" \/><\/span><br \/>\n<\/label>\n<\/p>\n<p><label> Su n\u00famero de contacto *<br \/>\n<span class=\"wpcf7-form-control-wrap\" data-name=\"Celular-WhatsApp\"><input size=\"40\" maxlength=\"13\" minlength=\"10\" class=\"wpcf7-form-control wpcf7-tel wpcf7-validates-as-required wpcf7-text wpcf7-validates-as-tel\" aria-required=\"true\" aria-invalid=\"false\" placeholder=\"Ejemplo: 3101234567\" value=\"\" type=\"tel\" name=\"Celular-WhatsApp\" \/><\/span><br \/>\n<\/label>\n<\/p>\n<p><label> Tiene los datos de sus referidas? *<br \/>\n<span class=\"wpcf7-form-control-wrap\" data-name=\"Referidas\"><select class=\"wpcf7-form-control wpcf7-select wpcf7-validates-as-required\" aria-required=\"true\" aria-invalid=\"false\" name=\"Referidas\"><option value=\"Selecciona una opci\u00f3n\">Selecciona una opci\u00f3n<\/option><option value=\"SI\">SI<\/option><option value=\"NO\">NO<\/option><option value=\"LOS PUEDO CONSEGUIR\">LOS PUEDO CONSEGUIR<\/option><\/select><\/span><br \/>\n<\/label>\n<\/p>\n<p><label><br \/>\n<span class=\"wpcf7-form-control-wrap\" data-name=\"mayor_18\"><span class=\"wpcf7-form-control wpcf7-checkbox wpcf7-validates-as-required\"><span class=\"wpcf7-list-item first last\"><input type=\"checkbox\" name=\"mayor_18[]\" value=\"Certifico que soy mayor de 18 a\u00f1os.\" \/><span class=\"wpcf7-list-item-label\">Certifico que soy mayor de 18 a\u00f1os.<\/span><\/span><\/span><\/span><br \/>\n<\/label>\n<\/p>\n<p><input class=\"wpcf7-form-control wpcf7-submit has-spinner\" type=\"submit\" value=\"Enviar\" \/>\n<\/p><div class=\"wpcf7-response-output\" aria-hidden=\"true\"><\/div>\n<\/form>\n<\/div>\n<\/div>\n\n\n\n<p><\/p>\n","protected":false},"excerpt":{"rendered":"<p>\u00a1Gana dinero sin l\u00edmites refiriendo nuevas modelos webcam a Tez Escura Studio! Si conoces a alguien que quiera comenzar en [&hellip;]<\/p>\n","protected":false},"author":1,"featured_media":0,"parent":0,"menu_order":0,"comment_status":"closed","ping_status":"closed","template":"","meta":{"_uag_custom_page_level_css":"","site-sidebar-layout":"default","site-content-layout":"","ast-site-content-layout":"default","site-content-style":"default","site-sidebar-style":"default","ast-global-header-display":"","ast-banner-title-visibility":"","ast-main-header-display":"","ast-hfb-above-header-display":"","ast-hfb-below-header-display":"","ast-hfb-mobile-header-display":"","site-post-title":"","ast-breadcrumbs-content":"","ast-featured-img":"","footer-sml-layout":"","ast-disable-related-posts":"","theme-transparent-header-meta":"","adv-header-id-meta":"","stick-header-meta":"","header-above-stick-meta":"","header-main-stick-meta":"","header-below-stick-meta":"","astra-migrate-meta-layouts":"default","ast-page-background-enabled":"default","ast-page-background-meta":{"desktop":{"background-color":"var(--ast-global-color-4)","background-image":"","background-repeat":"repeat","background-position":"center center","background-size":"auto","background-attachment":"scroll","background-type":"","background-media":"","overlay-type":"","overlay-color":"","overlay-opacity":"","overlay-gradient":""},"tablet":{"background-color":"","background-image":"","background-repeat":"repeat","background-position":"center center","background-size":"auto","background-attachment":"scroll","background-type":"","background-media":"","overlay-type":"","overlay-color":"","overlay-opacity":"","overlay-gradient":""},"mobile":{"background-color":"","background-image":"","background-repeat":"repeat","background-position":"center center","background-size":"auto","background-attachment":"scroll","background-type":"","background-media":"","overlay-type":"","overlay-color":"","overlay-opacity":"","overlay-gradient":""}},"ast-content-background-meta":{"desktop":{"background-color":"var(--ast-global-color-5)","background-image":"","background-repeat":"repeat","background-position":"center center","background-size":"auto","background-attachment":"scroll","background-type":"","background-media":"","overlay-type":"","overlay-color":"","overlay-opacity":"","overlay-gradient":""},"tablet":{"background-color":"var(--ast-global-color-5)","background-image":"","background-repeat":"repeat","background-position":"center center","background-size":"auto","background-attachment":"scroll","background-type":"","background-media":"","overlay-type":"","overlay-color":"","overlay-opacity":"","overlay-gradient":""},"mobile":{"background-color":"var(--ast-global-color-5)","background-image":"","background-repeat":"repeat","background-position":"center center","background-size":"auto","background-attachment":"scroll","background-type":"","background-media":"","overlay-type":"","overlay-color":"","overlay-opacity":"","overlay-gradient":""}},"footnotes":""},"class_list":["post-251","page","type-page","status-publish","hentry"],"yoast_head":"<!-- This site is optimized with the Yoast SEO plugin v24.1 - https:\/\/yoast.com\/wordpress\/plugins\/seo\/ -->\n<title>\u00a1\u00daNETE A TEZ ESCURA PRO! - TEZ ESCURA STUDIO<\/title>\n<meta name=\"robots\" content=\"index, follow, max-snippet:-1, max-image-preview:large, max-video-preview:-1\" \/>\n<link rel=\"canonical\" href=\"https:\/\/tezescura.com\/studio\/unete-a-tez-escura-pro\/\" \/>\n<meta property=\"og:locale\" content=\"es_ES\" \/>\n<meta property=\"og:type\" content=\"article\" \/>\n<meta property=\"og:title\" content=\"\u00a1\u00daNETE A TEZ ESCURA PRO! - TEZ ESCURA STUDIO\" \/>\n<meta property=\"og:description\" content=\"\u00a1Gana dinero sin l\u00edmites refiriendo nuevas modelos webcam a Tez Escura Studio! Si conoces a alguien que quiera comenzar en [&hellip;]\" \/>\n<meta property=\"og:url\" content=\"https:\/\/tezescura.com\/studio\/unete-a-tez-escura-pro\/\" \/>\n<meta property=\"og:site_name\" content=\"TEZ ESCURA STUDIO\" \/>\n<meta property=\"article:publisher\" content=\"https:\/\/www.facebook.com\/share\/BoZ393RBSjT5cdJ7\/\" \/>\n<meta property=\"article:modified_time\" content=\"2024-12-25T04:19:05+00:00\" \/>\n<meta name=\"twitter:card\" content=\"summary_large_image\" \/>\n<meta name=\"twitter:label1\" content=\"Tiempo de lectura\" \/>\n\t<meta name=\"twitter:data1\" content=\"2 minutos\" \/>\n<script type=\"application\/ld+json\" class=\"yoast-schema-graph\">{\"@context\":\"https:\/\/schema.org\",\"@graph\":[{\"@type\":\"WebPage\",\"@id\":\"https:\/\/tezescura.com\/studio\/unete-a-tez-escura-pro\/\",\"url\":\"https:\/\/tezescura.com\/studio\/unete-a-tez-escura-pro\/\",\"name\":\"\u00a1\u00daNETE A TEZ ESCURA PRO! - TEZ ESCURA STUDIO\",\"isPartOf\":{\"@id\":\"https:\/\/tezescura.com\/studio\/#website\"},\"datePublished\":\"2024-12-24T22:55:15+00:00\",\"dateModified\":\"2024-12-25T04:19:05+00:00\",\"breadcrumb\":{\"@id\":\"https:\/\/tezescura.com\/studio\/unete-a-tez-escura-pro\/#breadcrumb\"},\"inLanguage\":\"es-CO\",\"potentialAction\":[{\"@type\":\"ReadAction\",\"target\":[\"https:\/\/tezescura.com\/studio\/unete-a-tez-escura-pro\/\"]}]},{\"@type\":\"BreadcrumbList\",\"@id\":\"https:\/\/tezescura.com\/studio\/unete-a-tez-escura-pro\/#breadcrumb\",\"itemListElement\":[{\"@type\":\"ListItem\",\"position\":1,\"name\":\"Inicio\",\"item\":\"https:\/\/tezescura.com\/studio\/\"},{\"@type\":\"ListItem\",\"position\":2,\"name\":\"\u00a1\u00daNETE A TEZ ESCURA PRO!\"}]},{\"@type\":\"WebSite\",\"@id\":\"https:\/\/tezescura.com\/studio\/#website\",\"url\":\"https:\/\/tezescura.com\/studio\/\",\"name\":\"tezescura.com\",\"description\":\"Agencia de modelos Webcam\",\"publisher\":{\"@id\":\"https:\/\/tezescura.com\/studio\/#organization\"},\"potentialAction\":[{\"@type\":\"SearchAction\",\"target\":{\"@type\":\"EntryPoint\",\"urlTemplate\":\"https:\/\/tezescura.com\/studio\/?s={search_term_string}\"},\"query-input\":{\"@type\":\"PropertyValueSpecification\",\"valueRequired\":true,\"valueName\":\"search_term_string\"}}],\"inLanguage\":\"es-CO\"},{\"@type\":\"Organization\",\"@id\":\"https:\/\/tezescura.com\/studio\/#organization\",\"name\":\"tezescura.com\",\"url\":\"https:\/\/tezescura.com\/studio\/\",\"logo\":{\"@type\":\"ImageObject\",\"inLanguage\":\"es-CO\",\"@id\":\"https:\/\/tezescura.com\/studio\/#\/schema\/logo\/image\/\",\"url\":\"https:\/\/tezescura.com\/wp-content\/uploads\/2024\/11\/Logo-Tezescura-e1730996250727.jpeg\",\"contentUrl\":\"https:\/\/tezescura.com\/wp-content\/uploads\/2024\/11\/Logo-Tezescura-e1730996250727.jpeg\",\"width\":106,\"height\":101,\"caption\":\"tezescura.com\"},\"image\":{\"@id\":\"https:\/\/tezescura.com\/studio\/#\/schema\/logo\/image\/\"},\"sameAs\":[\"https:\/\/www.facebook.com\/share\/BoZ393RBSjT5cdJ7\/\",\"https:\/\/l.wl.co\/l?u=httpstiktok.comtezescura_studio\",\"https:\/\/www.instagram.com\/tezescurastudio\/profilecard\/?igsh=MTlveWY5ZW92d3lzNw==\"]}]}<\/script>\n<!-- \/ Yoast SEO plugin. -->","yoast_head_json":{"title":"\u00a1\u00daNETE A TEZ ESCURA PRO! - TEZ ESCURA STUDIO","robots":{"index":"index","follow":"follow","max-snippet":"max-snippet:-1","max-image-preview":"max-image-preview:large","max-video-preview":"max-video-preview:-1"},"canonical":"https:\/\/tezescura.com\/studio\/unete-a-tez-escura-pro\/","og_locale":"es_ES","og_type":"article","og_title":"\u00a1\u00daNETE A TEZ ESCURA PRO! - TEZ ESCURA STUDIO","og_description":"\u00a1Gana dinero sin l\u00edmites refiriendo nuevas modelos webcam a Tez Escura Studio! Si conoces a alguien que quiera comenzar en [&hellip;]","og_url":"https:\/\/tezescura.com\/studio\/unete-a-tez-escura-pro\/","og_site_name":"TEZ ESCURA STUDIO","article_publisher":"https:\/\/www.facebook.com\/share\/BoZ393RBSjT5cdJ7\/","article_modified_time":"2024-12-25T04:19:05+00:00","twitter_card":"summary_large_image","twitter_misc":{"Tiempo de lectura":"2 minutos"},"schema":{"@context":"https:\/\/schema.org","@graph":[{"@type":"WebPage","@id":"https:\/\/tezescura.com\/studio\/unete-a-tez-escura-pro\/","url":"https:\/\/tezescura.com\/studio\/unete-a-tez-escura-pro\/","name":"\u00a1\u00daNETE A TEZ ESCURA PRO! - TEZ ESCURA STUDIO","isPartOf":{"@id":"https:\/\/tezescura.com\/studio\/#website"},"datePublished":"2024-12-24T22:55:15+00:00","dateModified":"2024-12-25T04:19:05+00:00","breadcrumb":{"@id":"https:\/\/tezescura.com\/studio\/unete-a-tez-escura-pro\/#breadcrumb"},"inLanguage":"es-CO","potentialAction":[{"@type":"ReadAction","target":["https:\/\/tezescura.com\/studio\/unete-a-tez-escura-pro\/"]}]},{"@type":"BreadcrumbList","@id":"https:\/\/tezescura.com\/studio\/unete-a-tez-escura-pro\/#breadcrumb","itemListElement":[{"@type":"ListItem","position":1,"name":"Inicio","item":"https:\/\/tezescura.com\/studio\/"},{"@type":"ListItem","position":2,"name":"\u00a1\u00daNETE A TEZ ESCURA PRO!"}]},{"@type":"WebSite","@id":"https:\/\/tezescura.com\/studio\/#website","url":"https:\/\/tezescura.com\/studio\/","name":"tezescura.com","description":"Agencia de modelos Webcam","publisher":{"@id":"https:\/\/tezescura.com\/studio\/#organization"},"potentialAction":[{"@type":"SearchAction","target":{"@type":"EntryPoint","urlTemplate":"https:\/\/tezescura.com\/studio\/?s={search_term_string}"},"query-input":{"@type":"PropertyValueSpecification","valueRequired":true,"valueName":"search_term_string"}}],"inLanguage":"es-CO"},{"@type":"Organization","@id":"https:\/\/tezescura.com\/studio\/#organization","name":"tezescura.com","url":"https:\/\/tezescura.com\/studio\/","logo":{"@type":"ImageObject","inLanguage":"es-CO","@id":"https:\/\/tezescura.com\/studio\/#\/schema\/logo\/image\/","url":"https:\/\/tezescura.com\/wp-content\/uploads\/2024\/11\/Logo-Tezescura-e1730996250727.jpeg","contentUrl":"https:\/\/tezescura.com\/wp-content\/uploads\/2024\/11\/Logo-Tezescura-e1730996250727.jpeg","width":106,"height":101,"caption":"tezescura.com"},"image":{"@id":"https:\/\/tezescura.com\/studio\/#\/schema\/logo\/image\/"},"sameAs":["https:\/\/www.facebook.com\/share\/BoZ393RBSjT5cdJ7\/","https:\/\/l.wl.co\/l?u=httpstiktok.comtezescura_studio","https:\/\/www.instagram.com\/tezescurastudio\/profilecard\/?igsh=MTlveWY5ZW92d3lzNw=="]}]}},"uagb_featured_image_src":{"full":false,"thumbnail":false,"medium":false,"medium_large":false,"large":false,"1536x1536":false,"2048x2048":false},"uagb_author_info":{"display_name":"iberpardo@hotmail.com","author_link":"https:\/\/tezescura.com\/studio\/author\/iberpardohotmail-com\/"},"uagb_comment_info":0,"uagb_excerpt":"\u00a1Gana dinero sin l\u00edmites refiriendo nuevas modelos webcam a Tez Escura Studio! Si conoces a alguien que quiera comenzar en [&hellip;]","_links":{"self":[{"href":"https:\/\/tezescura.com\/studio\/wp-json\/wp\/v2\/pages\/251","targetHints":{"allow":["GET"]}}],"collection":[{"href":"https:\/\/tezescura.com\/studio\/wp-json\/wp\/v2\/pages"}],"about":[{"href":"https:\/\/tezescura.com\/studio\/wp-json\/wp\/v2\/types\/page"}],"author":[{"embeddable":true,"href":"https:\/\/tezescura.com\/studio\/wp-json\/wp\/v2\/users\/1"}],"replies":[{"embeddable":true,"href":"https:\/\/tezescura.com\/studio\/wp-json\/wp\/v2\/comments?post=251"}],"version-history":[{"count":9,"href":"https:\/\/tezescura.com\/studio\/wp-json\/wp\/v2\/pages\/251\/revisions"}],"predecessor-version":[{"id":288,"href":"https:\/\/tezescura.com\/studio\/wp-json\/wp\/v2\/pages\/251\/revisions\/288"}],"wp:attachment":[{"href":"https:\/\/tezescura.com\/studio\/wp-json\/wp\/v2\/media?parent=251"}],"curies":[{"name":"wp","href":"https:\/\/api.w.org\/{rel}","templated":true}]}}